{"id":1417,"date":"2025-04-08T23:02:14","date_gmt":"2025-04-08T23:02:14","guid":{"rendered":"https:\/\/conexionlatinaus.com\/?page_id=1417"},"modified":"2025-05-07T18:37:16","modified_gmt":"2025-05-07T18:37:16","slug":"asistencia-financiera","status":"publish","type":"page","link":"https:\/\/conexionlatinaus.com\/en\/asistencia-financiera\/","title":{"rendered":"Asistencia Financiera"},"content":{"rendered":"<p>[et_pb_section fb_built=\u00bb1&#8243; specialty=\u00bbon\u00bb next_background_color=\u00bb#ffffff\u00bb padding_top_1=\u00bb50px\u00bb padding_top_bottom_link_1=\u00bbfalse\u00bb padding_left_right_link_1=\u00bbfalse\u00bb padding_1_tablet=\u00bb0px||||false|false\u00bb padding_1_phone=\u00bb\u00bb padding_1_last_edited=\u00bbon|phone\u00bb admin_label=\u00bbHeader\u00bb _builder_version=\u00bb4.16&#8243; background_color=\u00bb#f8f9fa\u00bb bottom_divider_style=\u00bbwave\u00bb bottom_divider_height=\u00bb200px\u00bb bottom_divider_repeat=\u00bb1.2x\u00bb global_colors_info=\u00bb{}\u00bb][et_pb_column type=\u00bb1_2&#8243; specialty_columns=\u00bb2&#8243; _builder_version=\u00bb4.16&#8243; custom_padding=\u00bb|||\u00bb global_colors_info=\u00bb{}\u00bb custom_padding__hover=\u00bb|||\u00bb][et_pb_row_inner _builder_version=\u00bb4.16&#8243; custom_margin=\u00bb||||false|false\u00bb custom_margin_last_edited=\u00bboff|tablet\u00bb global_colors_info=\u00bb{}\u00bb][et_pb_column_inner saved_specialty_column_type=\u00bb1_2&#8243; _builder_version=\u00bb4.16&#8243; global_colors_info=\u00bb{}\u00bb][et_pb_text _builder_version=\u00bb4.27.4&#8243; text_font=\u00bb||||||||\u00bb text_font_size=\u00bb16px\u00bb text_line_height=\u00bb1.8em\u00bb header_font=\u00bb|700|||||||\u00bb header_font_size=\u00bb60px\u00bb header_line_height=\u00bb1.1em\u00bb header_font_size_tablet=\u00bb40px\u00bb header_font_size_phone=\u00bb30px\u00bb header_font_size_last_edited=\u00bbon|phone\u00bb global_colors_info=\u00bb{}\u00bb]<\/p>\n<h1>Asesor\u00eda Financiera<\/h1>\n<p><span>Te conectamos con las mejores instituciones bancarias y plataformas para env\u00edos de dinero eficientes. Explora oportunidades de inversi\u00f3n inteligente y recibe gu\u00eda para \u00a0construir un historial crediticio s\u00f3lido.<\/span><\/p>\n<p>[\/et_pb_text][et_pb_text _builder_version=\u00bb4.27.4&#8243; _module_preset=\u00bbdefault\u00bb text_font=\u00bb||||||||\u00bb text_text_color=\u00bb#000000&#8243; text_font_size=\u00bb26px\u00bb custom_margin=\u00bb-17px||-2px||false|false\u00bb global_colors_info=\u00bb{}\u00bb]<\/p>\n<p><b>Nuestros aliados<\/b><\/p>\n<p>[\/et_pb_text][\/et_pb_column_inner][\/et_pb_row_inner][et_pb_row_inner column_structure=\u00bb1_3,1_3,1_3&#8243; use_custom_gutter=\u00bbon\u00bb gutter_width=\u00bb2&#8243; _builder_version=\u00bb4.16&#8243; custom_padding=\u00bb0px||0px|||\u00bb global_colors_info=\u00bb{}\u00bb][et_pb_column_inner type=\u00bb1_3&#8243; saved_specialty_column_type=\u00bb1_2&#8243; _builder_version=\u00bb4.16&#8243; custom_css_main_element=\u00bbmargin-bottom: 0;\u00bb global_colors_info=\u00bb{}\u00bb][et_pb_image src=\u00bbhttps:\/\/conexionlatinaus.com\/wp-content\/uploads\/2024\/05\/logo_05-2.png\u00bb _builder_version=\u00bb4.16&#8243; global_colors_info=\u00bb{}\u00bb][\/et_pb_image][\/et_pb_column_inner][et_pb_column_inner type=\u00bb1_3&#8243; saved_specialty_column_type=\u00bb1_2&#8243; _builder_version=\u00bb4.16&#8243; custom_css_main_element=\u00bbmargin-bottom: 0;\u00bb global_colors_info=\u00bb{}\u00bb][et_pb_image src=\u00bbhttps:\/\/conexionlatinaus.com\/wp-content\/uploads\/2024\/05\/logo_04-2.png\u00bb _builder_version=\u00bb4.16&#8243; locked=\u00bboff\u00bb global_colors_info=\u00bb{}\u00bb][\/et_pb_image][\/et_pb_column_inner][et_pb_column_inner type=\u00bb1_3&#8243; saved_specialty_column_type=\u00bb1_2&#8243; _builder_version=\u00bb4.16&#8243; global_colors_info=\u00bb{}\u00bb][et_pb_image src=\u00bbhttps:\/\/conexionlatinaus.com\/wp-content\/uploads\/2024\/05\/logo_03-2.png\u00bb _builder_version=\u00bb4.16&#8243; locked=\u00bboff\u00bb global_colors_info=\u00bb{}\u00bb][\/et_pb_image][\/et_pb_column_inner][\/et_pb_row_inner][et_pb_row_inner column_structure=\u00bb1_3,1_3,1_3&#8243; use_custom_gutter=\u00bbon\u00bb gutter_width=\u00bb2&#8243; _builder_version=\u00bb4.16&#8243; custom_padding=\u00bb0px||0px|||\u00bb global_colors_info=\u00bb{}\u00bb][et_pb_column_inner type=\u00bb1_3&#8243; saved_specialty_column_type=\u00bb1_2&#8243; _builder_version=\u00bb4.16&#8243; custom_css_main_element=\u00bbmargin-bottom: 0;\u00bb global_colors_info=\u00bb{}\u00bb][et_pb_image src=\u00bbhttps:\/\/conexionlatinaus.com\/wp-content\/uploads\/2024\/05\/logo_05-2.png\u00bb _builder_version=\u00bb4.16&#8243; global_colors_info=\u00bb{}\u00bb][\/et_pb_image][\/et_pb_column_inner][et_pb_column_inner type=\u00bb1_3&#8243; saved_specialty_column_type=\u00bb1_2&#8243; _builder_version=\u00bb4.16&#8243; custom_css_main_element=\u00bbmargin-bottom: 0;\u00bb global_colors_info=\u00bb{}\u00bb][et_pb_image src=\u00bbhttps:\/\/conexionlatinaus.com\/wp-content\/uploads\/2024\/05\/logo_04-2.png\u00bb _builder_version=\u00bb4.16&#8243; locked=\u00bboff\u00bb global_colors_info=\u00bb{}\u00bb][\/et_pb_image][\/et_pb_column_inner][et_pb_column_inner type=\u00bb1_3&#8243; saved_specialty_column_type=\u00bb1_2&#8243; _builder_version=\u00bb4.16&#8243; global_colors_info=\u00bb{}\u00bb][et_pb_image src=\u00bbhttps:\/\/conexionlatinaus.com\/wp-content\/uploads\/2024\/05\/logo_03-2.png\u00bb _builder_version=\u00bb4.16&#8243; locked=\u00bboff\u00bb global_colors_info=\u00bb{}\u00bb][\/et_pb_image][\/et_pb_column_inner][\/et_pb_row_inner][\/et_pb_column][et_pb_column type=\u00bb1_2&#8243; _builder_version=\u00bb4.16&#8243; custom_padding=\u00bb|||\u00bb global_colors_info=\u00bb{}\u00bb custom_padding__hover=\u00bb|||\u00bb][et_pb_image src=\u00bbhttps:\/\/conexionlatinaus.com\/wp-content\/uploads\/2025\/03\/6.jpg\u00bb title_text=\u00bb6&#8243; _builder_version=\u00bb4.27.4&#8243; background_image=\u00bbhttps:\/\/conexionlatinaus.com\/wp-content\/uploads\/2024\/05\/tutor-02.jpg\u00bb max_height_last_edited=\u00bboff|tablet\u00bb custom_margin=\u00bb||30px||false|false\u00bb global_colors_info=\u00bb{}\u00bb][\/et_pb_image][\/et_pb_column][\/et_pb_section][et_pb_section fb_built=\u00bb1&#8243; admin_label=\u00bbText &#038; Image\u00bb _builder_version=\u00bb4.18.0&#8243; _module_preset=\u00bbdefault\u00bb locked=\u00bboff\u00bb collapsed=\u00bbon\u00bb global_colors_info=\u00bb{}\u00bb][et_pb_row column_structure=\u00bb1_2,1_2&#8243; _builder_version=\u00bb4.18.0&#8243; _module_preset=\u00bb5138c454-be54-4233-bd3b-f8e6a8747976&#8243; global_colors_info=\u00bb{}\u00bb][et_pb_column type=\u00bb1_2&#8243; _builder_version=\u00bb4.18.0&#8243; _module_preset=\u00bb73121f80-a3ef-4484-8763-c3f18e3c56d2&#8243; global_colors_info=\u00bb{}\u00bb][et_pb_heading title=\u00bbGesti\u00f3n Financiera para Migrantes\u00bb _builder_version=\u00bb4.25.1&#8243; _module_preset=\u00bbc33f07d9-41e0-421a-8799-5799df695cce\u00bb title_level=\u00bbh3&#8243; title_font=\u00bbMontserrat|700|||||||\u00bb title_text_color=\u00bb#052c53&#8243; title_font_size=\u00bb32px\u00bb title_line_height=\u00bb1.3em\u00bb custom_margin=\u00bb||10px||false|false\u00bb title_font_size_tablet=\u00bb22px\u00bb title_font_size_phone=\u00bb17px\u00bb title_font_size_last_edited=\u00bbon|phone\u00bb locked=\u00bboff\u00bb global_colors_info=\u00bb{}\u00bb][\/et_pb_heading][et_pb_text quote_border_color=\u00bb#ffc300&#8243; _builder_version=\u00bb4.27.4&#8243; _module_preset=\u00bb2c55a9c4-feed-423b-9edb-ae0b5b365cac\u00bb text_font=\u00bbMontserrat|Proza Libre_weight|||||||\u00bb text_text_color=\u00bb#3c3a47&#8243; text_font_size=\u00bb16px\u00bb text_line_height=\u00bb1.75em\u00bb link_font=\u00bb|Proza Libre_weight|||||||\u00bb link_text_color=\u00bb#003566&#8243; quote_font=\u00bbCormorant Garamond|Cormorant Garamond_weight|||||||\u00bb quote_text_color=\u00bb#0e0c19&#8243; header_font=\u00bbCormorant Garamond|Cormorant Garamond_weight|||||||\u00bb header_text_color=\u00bb#0e0c19&#8243; header_font_size=\u00bb72px\u00bb header_line_height=\u00bb1.15em\u00bb header_2_font=\u00bbCormorant Garamond|Cormorant Garamond_weight|||||||\u00bb header_2_text_color=\u00bb#0e0c19&#8243; header_2_font_size=\u00bb50px\u00bb header_2_line_height=\u00bb1.2em\u00bb header_3_font=\u00bbCormorant Garamond|Cormorant Garamond_weight|||||||\u00bb header_3_text_color=\u00bb#0e0c19&#8243; header_3_font_size=\u00bb32px\u00bb header_3_line_height=\u00bb1.3em\u00bb header_4_font=\u00bbCormorant Garamond|Cormorant Garamond_weight|||||||\u00bb header_4_text_color=\u00bb#0e0c19&#8243; header_4_font_size=\u00bb24px\u00bb header_4_line_height=\u00bb1.4em\u00bb header_5_font=\u00bbCormorant Garamond|Cormorant Garamond_weight|||||||\u00bb header_5_text_color=\u00bb#0e0c19&#8243; header_5_font_size=\u00bb18px\u00bb header_5_line_height=\u00bb1.4em\u00bb header_6_font=\u00bbCormorant Garamond|Cormorant Garamond_weight|||||||\u00bb header_6_text_color=\u00bb#0e0c19&#8243; header_6_line_height=\u00bb1.5em\u00bb custom_margin=\u00bb||||false|false\u00bb text_font_size_tablet=\u00bb15px\u00bb text_font_size_phone=\u00bb14px\u00bb text_font_size_last_edited=\u00bbon|phone\u00bb header_font_size_tablet=\u00bb40px\u00bb header_font_size_phone=\u00bb24px\u00bb header_font_size_last_edited=\u00bbon|desktop\u00bb header_2_font_size_tablet=\u00bb28px\u00bb header_2_font_size_phone=\u00bb20px\u00bb header_2_font_size_last_edited=\u00bbon|phone\u00bb header_3_font_size_tablet=\u00bb22px\u00bb header_3_font_size_phone=\u00bb17px\u00bb header_3_font_size_last_edited=\u00bbon|phone\u00bb header_4_font_size_tablet=\u00bb18px\u00bb header_4_font_size_phone=\u00bb15px\u00bb header_4_font_size_last_edited=\u00bbon|tablet\u00bb header_5_font_size_tablet=\u00bb15px\u00bb header_5_font_size_phone=\u00bb14px\u00bb header_5_font_size_last_edited=\u00bbon|desktop\u00bb header_6_font_size_tablet=\u00bb13px\u00bb header_6_font_size_phone=\u00bb13px\u00bb header_6_font_size_last_edited=\u00bbon|desktop\u00bb locked=\u00bboff\u00bb global_colors_info=\u00bb{%22#003566%22:%91%22link_text_color%22%93,%22#0e0c19%22:%91%22header_text_color%22,%22header_4_text_color%22,%22header_3_text_color%22,%22header_2_text_color%22,%22header_5_text_color%22,%22header_6_text_color%22,%22quote_text_color%22%93,%22#3c3a47%22:%91%22text_text_color%22%93,%22#ffc300%22:%91%22quote_border_color%22%93,%22gcid-36fd78a7-34bc-404d-873c-dafa34efaae5%22:%91%22icon_color%22,%22icon_color%22%93}\u00bb]<\/p>\n<p>Administrar tus finanzas es crucial para una estancia exitosa en USA. En Conexion Latina te guiamos en la apertura de cuentas bancarias, la construcci\u00f3n de tu historial crediticio y el acceso a recursos financieros esenciales. Aprende a manejar tu dinero de manera eficiente y aseg\u00farate un futuro pr\u00f3spero.<\/p>\n<p>[\/et_pb_text][et_pb_image src=\u00bbhttps:\/\/conexionlatinaus.com\/wp-content\/uploads\/2025\/05\/ChatGPT-Image-5-de-may.-de-2025-18_33_41-1.jpg\u00bb title_text=\u00bbChatGPT Image 5 de may. de 2025 18_33_41&#8243; _builder_version=\u00bb4.27.4&#8243; _module_preset=\u00bb6ed8fd5c-62c5-4100-98c3-7b8b6d2c2ee6&#8243; border_radii=\u00bbon|6px|6px|6px|6px\u00bb global_colors_info=\u00bb{}\u00bb][\/et_pb_image][et_pb_button button_text=\u00bbQuiero mi Asesor\u00eda\u00bb button_alignment=\u00bbcenter\u00bb _builder_version=\u00bb4.25.1&#8243; _module_preset=\u00bb1bffc0fc-42a0-49d1-bd9a-ae3ade2d7206&#8243; custom_button=\u00bbon\u00bb button_text_size=\u00bb14px\u00bb button_text_color=\u00bb#FFFFFF\u00bb button_bg_color=\u00bb#052c53&#8243; button_border_width=\u00bb0px\u00bb button_border_radius=\u00bb100px\u00bb button_font=\u00bbMontserrat|700|||||||\u00bb custom_padding=\u00bb12px|24px|12px|24px|true|true\u00bb locked=\u00bboff\u00bb global_colors_info=\u00bb{}\u00bb custom_padding__hover_enabled=\u00bboff|desktop\u00bb custom_padding__hover=\u00bb|28px||20px|true|false\u00bb][\/et_pb_button][\/et_pb_column][et_pb_column type=\u00bb1_2&#8243; _builder_version=\u00bb4.16&#8243; _module_preset=\u00bb73121f80-a3ef-4484-8763-c3f18e3c56d2&#8243; global_colors_info=\u00bb{}\u00bb][et_pb_image src=\u00bbhttps:\/\/conexionlatinaus.com\/wp-content\/uploads\/2024\/05\/0-6efa9ff9-c097-43b1-ad22-758e4a4b6599-800&#215;600.jpg\u00bb title_text=\u00bb800&#215;600&#8243; _builder_version=\u00bb4.23.1&#8243; _module_preset=\u00bb6ed8fd5c-62c5-4100-98c3-7b8b6d2c2ee6&#8243; border_radii=\u00bbon|6px|6px|6px|6px\u00bb locked=\u00bboff\u00bb global_colors_info=\u00bb{}\u00bb][\/et_pb_image][et_pb_accordion open_toggle_text_color=\u00bb#003566&#8243; open_toggle_background_color=\u00bbRGBA(255,255,255,0)\u00bb closed_toggle_background_color=\u00bbRGBA(255,255,255,0)\u00bb toggle_icon=\u00bb&#xf067;||fa||900&#8243; icon_color=\u00bb#003566&#8243; use_icon_font_size=\u00bbon\u00bb _builder_version=\u00bb4.27.4&#8243; _module_preset=\u00bb73efbc9d-37bf-4f75-b3d8-498640ef079f\u00bb toggle_text_color=\u00bb#052c53&#8243; toggle_font=\u00bbCormorant Garamond|Cormorant Garamond_weight|||||||\u00bb toggle_font_size=\u00bb18px\u00bb toggle_line_height=\u00bb1.3em\u00bb body_font=\u00bbProza Libre|Proza Libre_weight|||||||\u00bb body_text_color=\u00bb#3c3a47&#8243; body_font_size=\u00bb16px\u00bb body_line_height=\u00bb1.75em\u00bb hover_enabled=\u00bb0&#8243; toggle_font_size_tablet=\u00bb15px\u00bb toggle_font_size_phone=\u00bb14px\u00bb toggle_font_size_last_edited=\u00bbon|phone\u00bb body_font_size_tablet=\u00bb15px\u00bb body_font_size_phone=\u00bb14px\u00bb body_font_size_last_edited=\u00bbon|desktop\u00bb border_radii=\u00bbon|6px|6px|6px|6px\u00bb border_width_all=\u00bb2px\u00bb border_color_all=\u00bbrgba(0,0,0,0.08)\u00bb locked=\u00bboff\u00bb global_colors_info=\u00bb{%22gcid-36fd78a7-34bc-404d-873c-dafa34efaae5%22:%91%22quote_icon_color%22,%22icon_color%22,%22open_toggle_text_color%22,%22quote_icon_color%22,%22icon_color%22,%22open_toggle_text_color%22,%22quote_icon_color%22,%22icon_color%22,%22open_toggle_text_color%22%93,%22gcid-f2943306-fa6c-45f0-b632-5fc00151366a%22:%91%22icon_color%22,%22open_toggle_text_color%22,%22icon_color%22,%22open_toggle_text_color%22,%22icon_color%22,%22open_toggle_text_color%22%93,%22gcid-3e0ae39b-d026-4173-b444-0c785917aeff%22:%91%22body_text_color%22,%22body_text_color%22,%22body_text_color%22%93,%22gcid-f113ad93-2527-46d7-862b-fc71181c6b5e%22:%91%22open_toggle_background_color%22,%22open_toggle_background_color%22,%22open_toggle_background_color%22,%22open_toggle_background_color%22,%22open_toggle_background_color%22,%22open_toggle_background_color%22,%22open_toggle_background_color%22,%22open_toggle_background_color%22%93}\u00bb sticky_enabled=\u00bb0&#8243;][et_pb_accordion_item title=\u00bbApertura de Cuentas Bancarias\u00bb open=\u00bboff\u00bb _builder_version=\u00bb4.25.1&#8243; _module_preset=\u00bb550abe5c-b505-4d6b-adc7-570bd7cc1217&#8243; body_font=\u00bbMontserrat|Proza Libre_weight|||||||\u00bb global_colors_info=\u00bb{}\u00bb toggle_font=\u00bbMontserrat|600|||||||\u00bb closed_toggle_font=\u00bbMontserrat|500|||||||\u00bb]<\/p>\n<p>Descubre los pasos necesarios para abrir una cuenta bancaria en USA. Te ayudamos a entender los requisitos y a elegir la mejor opci\u00f3n seg\u00fan tus necesidades.<\/p>\n<p>[\/et_pb_accordion_item][et_pb_accordion_item title=\u00bbConstrucci\u00f3n de Cr\u00e9dito\u00bb _builder_version=\u00bb4.18.0&#8243; _module_preset=\u00bb550abe5c-b505-4d6b-adc7-570bd7cc1217&#8243; body_font=\u00bbMontserrat|Proza Libre_weight|||||||\u00bb global_colors_info=\u00bb{}\u00bb toggle_font=\u00bbMontserrat|600|||||||\u00bb closed_toggle_font=\u00bbMontserrat|500|||||||\u00bb open=\u00bboff\u00bb]<\/p>\n<p><span style=\"font-size: 14px; background-color: #ffffff;\">Construir un buen historial crediticio es fundamental. Te ofrecemos consejos pr\u00e1cticos para empezar con el pie derecho y mantener un buen puntaje de cr\u00e9dito.<\/span><\/p>\n<p>[\/et_pb_accordion_item][et_pb_accordion_item title=\u00bbRecursos Financieros\u00bb _builder_version=\u00bb4.27.4&#8243; _module_preset=\u00bb550abe5c-b505-4d6b-adc7-570bd7cc1217&#8243; body_font=\u00bbMontserrat|Proza Libre_weight|||||||\u00bb hover_enabled=\u00bb0&#8243; global_colors_info=\u00bb{}\u00bb toggle_font=\u00bbMontserrat|600|||||||\u00bb closed_toggle_font=\u00bbMontserrat|500|||||||\u00bb open=\u00bbon\u00bb sticky_enabled=\u00bb0&#8243;]<\/p>\n<p>El acceso a recursos financieros, es esencial para proteger y crecer tu patrimonio usando herramientas de planificaci\u00f3n financiera con asesor\u00edas personalizadas. \u00a0Te ayudamos a ahorrar, invertir, mejorar tu cr\u00e9dito, salir de deudas y alcanzar tus metas con seguridad y respaldo. Porque tu dinero trabaja mejor cuando entiendes c\u00f3mo usarlo<\/p>\n<p>[\/et_pb_accordion_item][\/et_pb_accordion][\/et_pb_column][\/et_pb_row][\/et_pb_section]<\/p>","protected":false},"excerpt":{"rendered":"<p>Asesor\u00eda Financiera Te conectamos con las mejores instituciones bancarias y plataformas para env\u00edos de dinero eficientes. Explora oportunidades de inversi\u00f3n inteligente y recibe gu\u00eda para \u00a0construir un historial crediticio s\u00f3lido.Nuestros aliadosAdministrar tus finanzas es crucial para una estancia exitosa en USA. En Conexion Latina te guiamos en la apertura de cuentas bancarias, la construcci\u00f3n de [&hellip;]<\/p>","protected":false},"author":1,"featured_media":0,"parent":0,"menu_order":0,"comment_status":"closed","ping_status":"closed","template":"","meta":{"_et_pb_use_builder":"on","_et_pb_old_content":"","_et_gb_content_width":"","footnotes":""},"class_list":["post-1417","page","type-page","status-publish","hentry"],"_links":{"self":[{"href":"https:\/\/conexionlatinaus.com\/en\/wp-json\/wp\/v2\/pages\/1417","targetHints":{"allow":["GET"]}}],"collection":[{"href":"https:\/\/conexionlatinaus.com\/en\/wp-json\/wp\/v2\/pages"}],"about":[{"href":"https:\/\/conexionlatinaus.com\/en\/wp-json\/wp\/v2\/types\/page"}],"author":[{"embeddable":true,"href":"https:\/\/conexionlatinaus.com\/en\/wp-json\/wp\/v2\/users\/1"}],"replies":[{"embeddable":true,"href":"https:\/\/conexionlatinaus.com\/en\/wp-json\/wp\/v2\/comments?post=1417"}],"version-history":[{"count":7,"href":"https:\/\/conexionlatinaus.com\/en\/wp-json\/wp\/v2\/pages\/1417\/revisions"}],"predecessor-version":[{"id":1598,"href":"https:\/\/conexionlatinaus.com\/en\/wp-json\/wp\/v2\/pages\/1417\/revisions\/1598"}],"wp:attachment":[{"href":"https:\/\/conexionlatinaus.com\/en\/wp-json\/wp\/v2\/media?parent=1417"}],"curies":[{"name":"wp","href":"https:\/\/api.w.org\/{rel}","templated":true}]}}