{"id":1261,"date":"2025-03-24T13:19:04","date_gmt":"2025-03-24T13:19:04","guid":{"rendered":"https:\/\/conexionlatinaus.com\/?page_id=1261"},"modified":"2025-04-08T23:50:18","modified_gmt":"2025-04-08T23:50:18","slug":"empleos","status":"publish","type":"page","link":"https:\/\/conexionlatinaus.com\/en\/empleos\/","title":{"rendered":"Empleos"},"content":{"rendered":"<p>[et_pb_section fb_built=\u00bb1&#8243; specialty=\u00bbon\u00bb next_background_color=\u00bb#FFFFFF\u00bb padding_top_1=\u00bb50px\u00bb padding_top_bottom_link_1=\u00bbfalse\u00bb padding_left_right_link_1=\u00bbfalse\u00bb padding_1_tablet=\u00bb0px||||false|false\u00bb padding_1_phone=\u00bb\u00bb padding_1_last_edited=\u00bbon|phone\u00bb admin_label=\u00bbHeader\u00bb _builder_version=\u00bb4.27.4&#8243; background_color=\u00bb#f8f9fa\u00bb bottom_divider_style=\u00bbwave\u00bb bottom_divider_height=\u00bb200px\u00bb bottom_divider_repeat=\u00bb1.2x\u00bb global_colors_info=\u00bb{}\u00bb][et_pb_column type=\u00bb1_2&#8243; specialty_columns=\u00bb2&#8243; _builder_version=\u00bb4.16&#8243; custom_padding=\u00bb|||\u00bb global_colors_info=\u00bb{}\u00bb custom_padding__hover=\u00bb|||\u00bb][et_pb_row_inner _builder_version=\u00bb4.16&#8243; custom_margin=\u00bb|-67px|||false|false\u00bb custom_margin_last_edited=\u00bboff|tablet\u00bb global_colors_info=\u00bb{}\u00bb][et_pb_column_inner saved_specialty_column_type=\u00bb1_2&#8243; _builder_version=\u00bb4.16&#8243; global_colors_info=\u00bb{}\u00bb][et_pb_text _builder_version=\u00bb4.27.4&#8243; _module_preset=\u00bbdefault\u00bb custom_margin=\u00bb-17px||-2px||false|false\u00bb global_colors_info=\u00bb{}\u00bb]<\/p>\n<p>SERVICIOS LEGALES PARA MIGRANTES<\/p>\n<p>[\/et_pb_text][et_pb_text _builder_version=\u00bb4.16&#8243; text_font=\u00bbPT Sans||||||||\u00bb text_font_size=\u00bb16px\u00bb text_line_height=\u00bb1.8em\u00bb header_font=\u00bbPlayfair Display|700|||||||\u00bb header_font_size=\u00bb60px\u00bb header_line_height=\u00bb1.1em\u00bb header_font_size_tablet=\u00bb40px\u00bb header_font_size_phone=\u00bb30px\u00bb header_font_size_last_edited=\u00bbon|phone\u00bb global_colors_info=\u00bb{}\u00bb]<\/p>\n<h1>Empleos<\/h1>\n<p><span style=\"font-weight: 400;\">\u00bfBuscas empleo en Florida? \ud83d\udcbc Sabemos que encontrar trabajo en un nuevo pa\u00eds puede ser un desaf\u00edo, pero no est\u00e1s solo. Aqu\u00ed encontrar\u00e1s oportunidades laborales seguras, confiables y adaptadas a la comunidad latina.<\/span><\/p>\n<p>[\/et_pb_text][et_pb_button button_text=\u00bbNecesito empleo\u00bb button_alignment=\u00bbcenter\u00bb _builder_version=\u00bb4.27.4&#8243; _module_preset=\u00bb1bffc0fc-42a0-49d1-bd9a-ae3ade2d7206&#8243; custom_button=\u00bbon\u00bb button_text_size=\u00bb14px\u00bb button_text_color=\u00bb#FFFFFF\u00bb button_bg_color=\u00bb#052c53&#8243; button_border_width=\u00bb0px\u00bb button_border_radius=\u00bb100px\u00bb button_font=\u00bbMontserrat|700|||||||\u00bb custom_padding=\u00bb12px|24px|12px|24px|true|true\u00bb locked=\u00bboff\u00bb global_colors_info=\u00bb{}\u00bb custom_padding__hover_enabled=\u00bboff|desktop\u00bb custom_padding__hover=\u00bb|28px||20px|true|false\u00bb][\/et_pb_button][et_pb_divider show_divider=\u00bboff\u00bb _builder_version=\u00bb4.27.4&#8243; _module_preset=\u00bbdefault\u00bb custom_margin=\u00bb4px||||false|false\u00bb custom_padding=\u00bb47px||||false|false\u00bb global_colors_info=\u00bb{}\u00bb][\/et_pb_divider][et_pb_text _builder_version=\u00bb4.27.4&#8243; _module_preset=\u00bbdefault\u00bb text_font=\u00bbPlayfair Display||||||||\u00bb text_text_color=\u00bb#000000&#8243; text_font_size=\u00bb26px\u00bb custom_margin=\u00bb-17px||-2px||false|false\u00bb global_colors_info=\u00bb{}\u00bb]<\/p>\n<p><b>Empresas que te ayudar\u00e1n a conseguir empleo:<\/b><\/p>\n<p>[\/et_pb_text][\/et_pb_column_inner][\/et_pb_row_inner][et_pb_row_inner column_structure=\u00bb1_3,1_3,1_3&#8243; use_custom_gutter=\u00bbon\u00bb gutter_width=\u00bb2&#8243; _builder_version=\u00bb4.16&#8243; custom_padding=\u00bb0px||0px|||\u00bb global_colors_info=\u00bb{}\u00bb][et_pb_column_inner type=\u00bb1_3&#8243; saved_specialty_column_type=\u00bb1_2&#8243; _builder_version=\u00bb4.16&#8243; custom_css_main_element=\u00bbmargin-bottom: 0;\u00bb global_colors_info=\u00bb{}\u00bb][et_pb_image src=\u00bbhttps:\/\/conexionlatinaus.com\/wp-content\/uploads\/2024\/05\/logo_05-2.png\u00bb _builder_version=\u00bb4.16&#8243; global_colors_info=\u00bb{}\u00bb][\/et_pb_image][\/et_pb_column_inner][et_pb_column_inner type=\u00bb1_3&#8243; saved_specialty_column_type=\u00bb1_2&#8243; _builder_version=\u00bb4.16&#8243; custom_css_main_element=\u00bbmargin-bottom: 0;\u00bb global_colors_info=\u00bb{}\u00bb][et_pb_image src=\u00bbhttps:\/\/conexionlatinaus.com\/wp-content\/uploads\/2024\/05\/logo_04-2.png\u00bb _builder_version=\u00bb4.16&#8243; locked=\u00bboff\u00bb global_colors_info=\u00bb{}\u00bb][\/et_pb_image][\/et_pb_column_inner][et_pb_column_inner type=\u00bb1_3&#8243; saved_specialty_column_type=\u00bb1_2&#8243; _builder_version=\u00bb4.16&#8243; global_colors_info=\u00bb{}\u00bb][et_pb_image src=\u00bbhttps:\/\/conexionlatinaus.com\/wp-content\/uploads\/2024\/05\/logo_03-2.png\u00bb _builder_version=\u00bb4.16&#8243; locked=\u00bboff\u00bb global_colors_info=\u00bb{}\u00bb][\/et_pb_image][\/et_pb_column_inner][\/et_pb_row_inner][\/et_pb_column][et_pb_column type=\u00bb1_2&#8243; _builder_version=\u00bb4.16&#8243; custom_padding=\u00bb|||\u00bb global_colors_info=\u00bb{}\u00bb custom_padding__hover=\u00bb|||\u00bb][et_pb_image src=\u00bbhttps:\/\/conexionlatinaus.com\/wp-content\/uploads\/2025\/03\/7.jpg\u00bb _builder_version=\u00bb4.27.4&#8243; background_image=\u00bbhttps:\/\/conexionlatinaus.com\/wp-content\/uploads\/2024\/05\/tutor-02.jpg\u00bb width=\u00bb100%\u00bb max_height_last_edited=\u00bboff|tablet\u00bb custom_margin=\u00bb||30px||false|false\u00bb hover_enabled=\u00bb0&#8243; global_colors_info=\u00bb{}\u00bb title_text=\u00bb7&#8243; sticky_enabled=\u00bb0&#8243;][\/et_pb_image][\/et_pb_column][\/et_pb_section][et_pb_section fb_built=\u00bb1&#8243; _builder_version=\u00bb4.27.4&#8243; background_color=\u00bb#FFFFFF\u00bb custom_padding=\u00bb0px|||||\u00bb global_colors_info=\u00bb{}\u00bb][et_pb_row _builder_version=\u00bb4.16&#8243; global_colors_info=\u00bb{}\u00bb][et_pb_column type=\u00bb4_4&#8243; _builder_version=\u00bb4.16&#8243; global_colors_info=\u00bb{}\u00bb][et_pb_text _builder_version=\u00bb4.27.4&#8243; header_2_font=\u00bbPlayfair Display|700|||||||\u00bb header_2_text_align=\u00bbcenter\u00bb header_2_text_color=\u00bb#2a3749&#8243; header_2_font_size=\u00bb50px\u00bb header_2_line_height=\u00bb1.3em\u00bb header_2_font_size_tablet=\u00bb32px\u00bb header_2_font_size_phone=\u00bb24px\u00bb header_2_font_size_last_edited=\u00bbon|phone\u00bb locked=\u00bboff\u00bb global_colors_info=\u00bb{}\u00bb]<\/p>\n<h2>Beneficios<\/h2>\n<p>[\/et_pb_text][\/et_pb_column][\/et_pb_row][et_pb_row column_structure=\u00bb1_3,1_3,1_3&#8243; _builder_version=\u00bb4.16&#8243; global_colors_info=\u00bb{}\u00bb][et_pb_column type=\u00bb1_3&#8243; _builder_version=\u00bb4.27.4&#8243; _module_preset=\u00bbdefault\u00bb global_colors_info=\u00bb{}\u00bb][et_pb_blurb title=\u00bbCon\u00e9ctate\u00bb use_icon=\u00bbon\u00bb font_icon=\u00bb&#xe08b;||divi||400&#8243; icon_color=\u00bb#ffffff\u00bb image_icon_background_color=\u00bb#6ed2f9&#8243; image_icon_width=\u00bb20px\u00bb icon_alignment=\u00bbleft\u00bb content_max_width=\u00bb800px\u00bb _builder_version=\u00bb4.27.4&#8243; header_font=\u00bbPT Sans|700|||||||\u00bb header_text_color=\u00bb#2a3749&#8243; header_font_size=\u00bb30px\u00bb body_font=\u00bbPT Sans||||||||\u00bb body_font_size=\u00bb17px\u00bb image_icon_custom_padding=\u00bb25px|25px|25px|25px|false|false\u00bb border_radii_image=\u00bbon|100%|100%|100%|100%\u00bb border_width_all_image=\u00bb3px\u00bb border_color_all_image=\u00bb#F8F9FA\u00bb icon_font_size=\u00bb20px\u00bb use_circle=\u00bbon\u00bb use_circle_border=\u00bbon\u00bb circle_border_color=\u00bb#F8F9FA\u00bb circle_color=\u00bb#6ed2f9&#8243; global_colors_info=\u00bb{}\u00bb image_icon_background_color__sticky_enabled=\u00bb#2ea3f2&#8243; image_icon_background_color__sticky=\u00bb#2ea3f2&#8243;]<\/p>\n<p>Con empresas que valoran el talento latino.<\/p>\n<p>[\/et_pb_blurb][\/et_pb_column][et_pb_column type=\u00bb1_3&#8243; _builder_version=\u00bb4.16&#8243; global_colors_info=\u00bb{}\u00bb][et_pb_blurb title=\u00bbEncuentra empleo\u00bb use_icon=\u00bbon\u00bb font_icon=\u00bb&#x76;||divi||400&#8243; icon_color=\u00bb#ffffff\u00bb image_icon_background_color=\u00bb#AD6EF9&#8243; image_icon_width=\u00bb20px\u00bb icon_alignment=\u00bbleft\u00bb content_max_width=\u00bb800px\u00bb _builder_version=\u00bb4.27.4&#8243; header_font=\u00bbPT Sans|700|||||||\u00bb header_text_color=\u00bb#2a3749&#8243; header_font_size=\u00bb30px\u00bb body_font=\u00bbPT Sans||||||||\u00bb body_font_size=\u00bb17px\u00bb image_icon_custom_padding=\u00bb25px|25px|25px|25px|false|false\u00bb border_radii_image=\u00bbon|100%|100%|100%|100%\u00bb border_width_all_image=\u00bb3px\u00bb border_color_all_image=\u00bb#F8F9FA\u00bb icon_font_size=\u00bb20px\u00bb use_circle=\u00bbon\u00bb use_circle_border=\u00bbon\u00bb circle_border_color=\u00bb#F8F9FA\u00bb circle_color=\u00bb#AD6EF9&#8243; global_colors_info=\u00bb{}\u00bb image_icon_background_color__sticky_enabled=\u00bb#2ea3f2&#8243; image_icon_background_color__sticky=\u00bb#2ea3f2&#8243;]<\/p>\n<p><span style=\"font-weight: 400;\">En diversas industrias, desde construcci\u00f3n hasta tecnolog\u00eda.<\/span><\/p>\n<p>[\/et_pb_blurb][\/et_pb_column][et_pb_column type=\u00bb1_3&#8243; _builder_version=\u00bb4.27.4&#8243; _module_preset=\u00bbdefault\u00bb global_colors_info=\u00bb{}\u00bb][et_pb_blurb title=\u00bbAccede a recursos \u00bb use_icon=\u00bbon\u00bb font_icon=\u00bb&#x69;||divi||400&#8243; icon_color=\u00bb#ffffff\u00bb image_icon_background_color=\u00bb#f96e86&#8243; image_icon_width=\u00bb20px\u00bb icon_alignment=\u00bbleft\u00bb content_max_width=\u00bb846px\u00bb content_max_width_tablet=\u00bb200px\u00bb content_max_width_last_edited=\u00bboff|tablet\u00bb _builder_version=\u00bb4.27.4&#8243; header_font=\u00bbPT Sans|700|||||||\u00bb header_text_color=\u00bb#2a3749&#8243; header_font_size=\u00bb30px\u00bb body_font=\u00bbPT Sans||||||||\u00bb body_font_size=\u00bb17px\u00bb image_icon_custom_padding=\u00bb25px|25px|25px|25px|false|false\u00bb module_alignment=\u00bbleft\u00bb custom_margin=\u00bb||||false|false\u00bb custom_margin_last_edited=\u00bboff|tablet\u00bb custom_padding=\u00bb||||false|false\u00bb border_radii_image=\u00bbon|100%|100%|100%|100%\u00bb border_width_all_image=\u00bb3px\u00bb border_color_all_image=\u00bb#F8F9FA\u00bb icon_font_size=\u00bb20px\u00bb use_circle=\u00bbon\u00bb use_circle_border=\u00bbon\u00bb circle_border_color=\u00bb#F8F9FA\u00bb circle_color=\u00bb#f96e86&#8243; global_colors_info=\u00bb{}\u00bb image_icon_background_color__sticky_enabled=\u00bb#2ea3f2&#8243; image_icon_background_color__sticky=\u00bb#2ea3f2&#8243;]<\/p>\n<p>Y asesor\u00eda para mejorar tu perfil profesional.<\/p>\n<p>[\/et_pb_blurb][\/et_pb_column][\/et_pb_row][\/et_pb_section][et_pb_section fb_built=\u00bb1&#8243; admin_label=\u00bbJob Listings\u00bb _builder_version=\u00bb4.24.3&#8243; _module_preset=\u00bbdefault\u00bb global_colors_info=\u00bb{}\u00bb][et_pb_row _builder_version=\u00bb4.24.3&#8243; _module_preset=\u00bbdefault\u00bb global_colors_info=\u00bb{}\u00bb][et_pb_column type=\u00bb4_4&#8243; _builder_version=\u00bb4.24.3&#8243; _module_preset=\u00bbdefault\u00bb global_colors_info=\u00bb{}\u00bb][et_pb_heading title=\u00bbOportunidades de Empleo\u00bb _builder_version=\u00bb4.24.3&#8243; _module_preset=\u00bbc33f07d9-41e0-421a-8799-5799df695cce\u00bb title_level=\u00bbh2&#8243; title_font=\u00bbMontserrat|700|||||||\u00bb title_text_align=\u00bbcenter\u00bb title_text_color=\u00bb#052c53&#8243; title_font_size=\u00bb50px\u00bb title_line_height=\u00bb1.2em\u00bb module_alignment=\u00bbcenter\u00bb custom_margin=\u00bb||10px||false|false\u00bb title_font_size_tablet=\u00bb28px\u00bb title_font_size_phone=\u00bb20px\u00bb title_font_size_last_edited=\u00bbon|phone\u00bb global_colors_info=\u00bb{}\u00bb][\/et_pb_heading][\/et_pb_column][\/et_pb_row][et_pb_row column_structure=\u00bb3_4,1_4&#8243; custom_padding_last_edited=\u00bbon|desktop\u00bb _builder_version=\u00bb4.24.3&#8243; _module_preset=\u00bb048d8e79-b07f-439b-bd57-f41c14f0a56b\u00bb background_color=\u00bb#FFFFFF\u00bb custom_margin=\u00bb||40px||false|false\u00bb custom_padding=\u00bb|30px||30px|false|true\u00bb custom_padding_tablet=\u00bb|30px||30px|false|true\u00bb custom_padding_phone=\u00bb|20px||20px|false|true\u00bb border_radii=\u00bbon|6px|6px|6px|6px\u00bb box_shadow_style=\u00bbpreset3&#8243; box_shadow_vertical=\u00bb24px\u00bb box_shadow_blur=\u00bb72px\u00bb box_shadow_spread=\u00bb-12px\u00bb box_shadow_color=\u00bbrgba(0,0,0,0.12)\u00bb global_colors_info=\u00bb{}\u00bb][et_pb_column type=\u00bb3_4&#8243; _builder_version=\u00bb4.24.3&#8243; _module_preset=\u00bbdefault\u00bb global_colors_info=\u00bb{}\u00bb][et_pb_heading title=\u00bbDesarrollador Web\u00bb _builder_version=\u00bb4.25.1&#8243; _module_preset=\u00bbba4a6336-701f-47b8-bf5c-09da0ce28016&#8243; title_level=\u00bbh3&#8243; title_font=\u00bbMontserrat|600|||||||\u00bb title_text_color=\u00bb#0e0c19&#8243; title_font_size=\u00bb32px\u00bb title_line_height=\u00bb1.3em\u00bb custom_margin=\u00bb||10px||false|false\u00bb title_font_size_tablet=\u00bb22px\u00bb title_font_size_phone=\u00bb17px\u00bb title_font_size_last_edited=\u00bbon|phone\u00bb global_colors_info=\u00bb{}\u00bb][\/et_pb_heading][et_pb_heading title=\u00bbNombre de la empresa\u00bb _builder_version=\u00bb4.25.1&#8243; _module_preset=\u00bbf0c675ea-2574-4d0e-b725-30f8550a8550&#8243; title_level=\u00bbh4&#8243; title_font=\u00bbMontserrat|Cormorant Garamond_weight||on|||||\u00bb title_text_color=\u00bb#3c3a47&#8243; title_font_size=\u00bb14px\u00bb title_line_height=\u00bb1.4em\u00bb custom_margin=\u00bb||10px||false|false\u00bb title_font_size_tablet=\u00bb13px\u00bb title_font_size_phone=\u00bb13px\u00bb title_font_size_last_edited=\u00bbon|desktop\u00bb global_colors_info=\u00bb{%22#3c3a47%22:%91%22title_text_color%22%93}\u00bb][\/et_pb_heading][et_pb_text _builder_version=\u00bb4.25.1&#8243; _module_preset=\u00bbdefault\u00bb text_font=\u00bbMontserrat||||||||\u00bb global_colors_info=\u00bb{}\u00bb]<\/p>\n<p>Ubicaci\u00f3n: Nueva York, NY<\/p>\n<p>[\/et_pb_text][\/et_pb_column][et_pb_column type=\u00bb1_4&#8243; _builder_version=\u00bb4.24.3&#8243; _module_preset=\u00bbdefault\u00bb global_colors_info=\u00bb{}\u00bb][et_pb_button button_text=\u00bbAplicar Ahora\u00bb button_alignment=\u00bbright\u00bb _builder_version=\u00bb4.25.1&#8243; _module_preset=\u00bb1bffc0fc-42a0-49d1-bd9a-ae3ade2d7206&#8243; custom_button=\u00bbon\u00bb button_text_size=\u00bb14px\u00bb button_text_color=\u00bb#FFFFFF\u00bb button_bg_color=\u00bb#ee3c42&#8243; button_border_width=\u00bb0px\u00bb button_border_radius=\u00bb100px\u00bb button_font=\u00bbMontserrat|800|||||||\u00bb custom_padding=\u00bb12px|24px|12px|24px|true|true\u00bb locked=\u00bboff\u00bb global_colors_info=\u00bb{%22#ffc300%22:%91%22button_bg_color%22%93}\u00bb custom_padding__hover_enabled=\u00bboff|desktop\u00bb custom_padding__hover=\u00bb|28px||20px|true|false\u00bb][\/et_pb_button][\/et_pb_column][\/et_pb_row][et_pb_row column_structure=\u00bb3_4,1_4&#8243; custom_padding_last_edited=\u00bbon|desktop\u00bb _builder_version=\u00bb4.24.3&#8243; _module_preset=\u00bb048d8e79-b07f-439b-bd57-f41c14f0a56b\u00bb background_color=\u00bb#FFFFFF\u00bb custom_margin=\u00bb||40px||false|false\u00bb custom_padding=\u00bb|30px||30px|false|true\u00bb custom_padding_tablet=\u00bb|30px||30px|false|true\u00bb custom_padding_phone=\u00bb|20px||20px|false|true\u00bb border_radii=\u00bbon|6px|6px|6px|6px\u00bb box_shadow_style=\u00bbpreset3&#8243; box_shadow_vertical=\u00bb24px\u00bb box_shadow_blur=\u00bb72px\u00bb box_shadow_spread=\u00bb-12px\u00bb box_shadow_color=\u00bbrgba(0,0,0,0.12)\u00bb global_colors_info=\u00bb{}\u00bb][et_pb_column type=\u00bb3_4&#8243; _builder_version=\u00bb4.24.3&#8243; _module_preset=\u00bbdefault\u00bb global_colors_info=\u00bb{}\u00bb][et_pb_heading title=\u00bbEspecialista en Marketing Digital\u00bb _builder_version=\u00bb4.24.3&#8243; _module_preset=\u00bbba4a6336-701f-47b8-bf5c-09da0ce28016&#8243; title_level=\u00bbh3&#8243; title_font=\u00bbMontserrat|600|||||||\u00bb title_text_color=\u00bb#0e0c19&#8243; title_font_size=\u00bb32px\u00bb title_line_height=\u00bb1.3em\u00bb custom_margin=\u00bb||10px||false|false\u00bb title_font_size_tablet=\u00bb22px\u00bb title_font_size_phone=\u00bb17px\u00bb title_font_size_last_edited=\u00bbon|phone\u00bb global_colors_info=\u00bb{}\u00bb][\/et_pb_heading][et_pb_heading title=\u00bbNombre de la empresa\u00bb _builder_version=\u00bb4.25.1&#8243; _module_preset=\u00bbf0c675ea-2574-4d0e-b725-30f8550a8550&#8243; title_level=\u00bbh4&#8243; title_font=\u00bbMontserrat|Cormorant Garamond_weight||on|||||\u00bb title_text_color=\u00bb#3c3a47&#8243; title_font_size=\u00bb14px\u00bb title_line_height=\u00bb1.4em\u00bb custom_margin=\u00bb||10px||false|false\u00bb title_font_size_tablet=\u00bb13px\u00bb title_font_size_phone=\u00bb13px\u00bb title_font_size_last_edited=\u00bbon|desktop\u00bb locked=\u00bboff\u00bb global_colors_info=\u00bb{%22#3c3a47%22:%91%22title_text_color%22%93}\u00bb][\/et_pb_heading][et_pb_text _builder_version=\u00bb4.24.3&#8243; _module_preset=\u00bbdefault\u00bb text_font=\u00bbMontserrat||||||||\u00bb global_colors_info=\u00bb{}\u00bb]<\/p>\n<p>Ubicaci\u00f3n: Los \u00c1ngeles, CA<\/p>\n<p>[\/et_pb_text][\/et_pb_column][et_pb_column type=\u00bb1_4&#8243; _builder_version=\u00bb4.24.3&#8243; _module_preset=\u00bbdefault\u00bb global_colors_info=\u00bb{}\u00bb][et_pb_button button_text=\u00bbAplicar Ahora\u00bb button_alignment=\u00bbright\u00bb _builder_version=\u00bb4.25.1&#8243; _module_preset=\u00bb1bffc0fc-42a0-49d1-bd9a-ae3ade2d7206&#8243; custom_button=\u00bbon\u00bb button_text_size=\u00bb14px\u00bb button_text_color=\u00bb#FFFFFF\u00bb button_bg_color=\u00bb#04bbc3&#8243; button_border_width=\u00bb0px\u00bb button_border_radius=\u00bb100px\u00bb button_font=\u00bbMontserrat|800|||||||\u00bb custom_padding=\u00bb12px|24px|12px|24px|true|true\u00bb locked=\u00bboff\u00bb global_colors_info=\u00bb{%22#ffc300%22:%91%22button_bg_color%22,%22button_bg_color%22%93}\u00bb custom_padding__hover_enabled=\u00bboff|desktop\u00bb custom_padding__hover=\u00bb|28px||20px|true|false\u00bb][\/et_pb_button][\/et_pb_column][\/et_pb_row][et_pb_row column_structure=\u00bb3_4,1_4&#8243; custom_padding_last_edited=\u00bbon|desktop\u00bb _builder_version=\u00bb4.24.3&#8243; _module_preset=\u00bb048d8e79-b07f-439b-bd57-f41c14f0a56b\u00bb background_color=\u00bb#FFFFFF\u00bb custom_margin=\u00bb||40px||false|false\u00bb custom_padding=\u00bb|30px||30px|false|true\u00bb custom_padding_tablet=\u00bb|30px||30px|false|true\u00bb custom_padding_phone=\u00bb|20px||20px|false|true\u00bb border_radii=\u00bbon|6px|6px|6px|6px\u00bb box_shadow_style=\u00bbpreset3&#8243; box_shadow_vertical=\u00bb24px\u00bb box_shadow_blur=\u00bb72px\u00bb box_shadow_spread=\u00bb-12px\u00bb box_shadow_color=\u00bbrgba(0,0,0,0.12)\u00bb global_colors_info=\u00bb{}\u00bb][et_pb_column type=\u00bb3_4&#8243; _builder_version=\u00bb4.24.3&#8243; _module_preset=\u00bbdefault\u00bb global_colors_info=\u00bb{}\u00bb][et_pb_heading title=\u00bbAnalista Financiero\u00bb _builder_version=\u00bb4.24.3&#8243; _module_preset=\u00bbba4a6336-701f-47b8-bf5c-09da0ce28016&#8243; title_level=\u00bbh3&#8243; title_font=\u00bbMontserrat|600|||||||\u00bb title_text_color=\u00bb#0e0c19&#8243; title_font_size=\u00bb32px\u00bb title_line_height=\u00bb1.3em\u00bb custom_margin=\u00bb||10px||false|false\u00bb title_font_size_tablet=\u00bb22px\u00bb title_font_size_phone=\u00bb17px\u00bb title_font_size_last_edited=\u00bbon|phone\u00bb global_colors_info=\u00bb{}\u00bb][\/et_pb_heading][et_pb_heading title=\u00bbNombre de la empresa\u00bb _builder_version=\u00bb4.25.1&#8243; _module_preset=\u00bbf0c675ea-2574-4d0e-b725-30f8550a8550&#8243; title_level=\u00bbh4&#8243; title_font=\u00bbMontserrat|Cormorant Garamond_weight||on|||||\u00bb title_text_color=\u00bb#3c3a47&#8243; title_font_size=\u00bb14px\u00bb title_line_height=\u00bb1.4em\u00bb custom_margin=\u00bb||10px||false|false\u00bb title_font_size_tablet=\u00bb13px\u00bb title_font_size_phone=\u00bb13px\u00bb title_font_size_last_edited=\u00bbon|desktop\u00bb locked=\u00bboff\u00bb global_colors_info=\u00bb{%22#3c3a47%22:%91%22title_text_color%22%93}\u00bb][\/et_pb_heading][et_pb_text _builder_version=\u00bb4.24.3&#8243; _module_preset=\u00bbdefault\u00bb text_font=\u00bbMontserrat||||||||\u00bb global_colors_info=\u00bb{}\u00bb]<\/p>\n<p>Ubicaci\u00f3n: Miami, FL<\/p>\n<p>[\/et_pb_text][\/et_pb_column][et_pb_column type=\u00bb1_4&#8243; _builder_version=\u00bb4.24.3&#8243; _module_preset=\u00bbdefault\u00bb global_colors_info=\u00bb{}\u00bb][et_pb_button button_text=\u00bbAplicar Ahora\u00bb button_alignment=\u00bbright\u00bb _builder_version=\u00bb4.24.3&#8243; _module_preset=\u00bb1bffc0fc-42a0-49d1-bd9a-ae3ade2d7206&#8243; custom_button=\u00bbon\u00bb button_text_size=\u00bb14px\u00bb button_text_color=\u00bb#FFFFFF\u00bb button_bg_color=\u00bb#ffc300&#8243; button_border_width=\u00bb0px\u00bb button_border_radius=\u00bb100px\u00bb button_font=\u00bbMontserrat|800|||||||\u00bb custom_padding=\u00bb12px|24px|12px|24px|true|true\u00bb global_colors_info=\u00bb{%22#ffc300%22:%91%22button_bg_color%22,%22button_bg_color%22%93}\u00bb custom_padding__hover_enabled=\u00bboff|desktop\u00bb custom_padding__hover=\u00bb|28px||20px|true|false\u00bb][\/et_pb_button][\/et_pb_column][\/et_pb_row][\/et_pb_section]<\/p>","protected":false},"excerpt":{"rendered":"<p>SERVICIOS LEGALES PARA MIGRANTESEmpleos \u00bfBuscas empleo en Florida? \ud83d\udcbc Sabemos que encontrar trabajo en un nuevo pa\u00eds puede ser un desaf\u00edo, pero no est\u00e1s solo. Aqu\u00ed encontrar\u00e1s oportunidades laborales seguras, confiables y adaptadas a la comunidad latina.Empresas que te ayudar\u00e1n a conseguir empleo:BeneficiosCon empresas que valoran el talento latino.En diversas industrias, desde construcci\u00f3n hasta tecnolog\u00eda.Y [&hellip;]<\/p>","protected":false},"author":1,"featured_media":0,"parent":0,"menu_order":0,"comment_status":"closed","ping_status":"closed","template":"","meta":{"_et_pb_use_builder":"on","_et_pb_old_content":"","_et_gb_content_width":"","footnotes":""},"class_list":["post-1261","page","type-page","status-publish","hentry"],"_links":{"self":[{"href":"https:\/\/conexionlatinaus.com\/en\/wp-json\/wp\/v2\/pages\/1261","targetHints":{"allow":["GET"]}}],"collection":[{"href":"https:\/\/conexionlatinaus.com\/en\/wp-json\/wp\/v2\/pages"}],"about":[{"href":"https:\/\/conexionlatinaus.com\/en\/wp-json\/wp\/v2\/types\/page"}],"author":[{"embeddable":true,"href":"https:\/\/conexionlatinaus.com\/en\/wp-json\/wp\/v2\/users\/1"}],"replies":[{"embeddable":true,"href":"https:\/\/conexionlatinaus.com\/en\/wp-json\/wp\/v2\/comments?post=1261"}],"version-history":[{"count":20,"href":"https:\/\/conexionlatinaus.com\/en\/wp-json\/wp\/v2\/pages\/1261\/revisions"}],"predecessor-version":[{"id":1457,"href":"https:\/\/conexionlatinaus.com\/en\/wp-json\/wp\/v2\/pages\/1261\/revisions\/1457"}],"wp:attachment":[{"href":"https:\/\/conexionlatinaus.com\/en\/wp-json\/wp\/v2\/media?parent=1261"}],"curies":[{"name":"wp","href":"https:\/\/api.w.org\/{rel}","templated":true}]}}