{"id":1190,"date":"2025-03-18T01:37:03","date_gmt":"2025-03-18T01:37:03","guid":{"rendered":"https:\/\/conexionlatinaus.com\/?page_id=1190"},"modified":"2025-05-05T18:54:42","modified_gmt":"2025-05-05T18:54:42","slug":"quienes-somos","status":"publish","type":"page","link":"https:\/\/conexionlatinaus.com\/en\/quienes-somos\/","title":{"rendered":"Who We Are"},"content":{"rendered":"<p>[et_pb_section fb_built=\u00bb1&#8243; admin_label=\u00bbAbout\u00bb _builder_version=\u00bb4.16&#8243; global_colors_info=\u00bb{}\u00bb][et_pb_row column_structure=\u00bb1_2,1_2&#8243; _builder_version=\u00bb4.16&#8243; global_colors_info=\u00bb{}\u00bb][et_pb_column type=\u00bb1_2&#8243; _builder_version=\u00bb4.16&#8243; global_colors_info=\u00bb{}\u00bb][et_pb_image src=\u00bbhttps:\/\/conexionlatinaus.com\/wp-content\/uploads\/2025\/05\/ChatGPT_Image_5_de_may._de_2025_14_25_18-removebg-preview-1.png\u00bb title_text=\u00bbChatGPT_Image_5_de_may._de_2025_14_25_18-removebg-preview\u00bb align=\u00bbcenter\u00bb _builder_version=\u00bb4.27.4&#8243; max_height_tablet=\u00bb500px\u00bb max_height_phone=\u00bb\u00bb max_height_last_edited=\u00bbon|tablet\u00bb custom_margin=\u00bb|||-6vw|false|false\u00bb custom_margin_tablet=\u00bb|||0vw|false|false\u00bb custom_margin_phone=\u00bb\u00bb custom_margin_last_edited=\u00bbon|tablet\u00bb global_colors_info=\u00bb{}\u00bb][\/et_pb_image][\/et_pb_column][et_pb_column type=\u00bb1_2&#8243; _builder_version=\u00bb4.16&#8243; custom_padding=\u00bb100px||30px||false|false\u00bb custom_padding_tablet=\u00bb0px||0px||false|false\u00bb custom_padding_phone=\u00bb\u00bb custom_padding_last_edited=\u00bbon|tablet\u00bb global_colors_info=\u00bb{}\u00bb][et_pb_text _builder_version=\u00bb4.25.1&#8243; text_font=\u00bbMontserrat||||||||\u00bb header_2_font=\u00bbMontserrat|700|||||||\u00bb header_2_text_color=\u00bb#052c53&#8243; header_2_font_size=\u00bb50px\u00bb header_2_line_height=\u00bb1.3em\u00bb custom_margin=\u00bb|||-21px||\u00bb custom_padding=\u00bb|||0px||\u00bb header_2_font_size_tablet=\u00bb32px\u00bb header_2_font_size_phone=\u00bb24px\u00bb header_2_font_size_last_edited=\u00bbon|phone\u00bb locked=\u00bboff\u00bb global_colors_info=\u00bb{}\u00bb]<\/p>\n<h2><span>\u00bf<\/span>Qui\u00e9nes somos?<\/h2>\n<p>[\/et_pb_text][et_pb_text _builder_version=\u00bb4.27.4&#8243; text_font=\u00bbMontserrat||||||||\u00bb text_font_size=\u00bb16px\u00bb text_line_height=\u00bb1.8em\u00bb custom_margin=\u00bb|||-22px||\u00bb locked=\u00bboff\u00bb global_colors_info=\u00bb{}\u00bb]<\/p>\n<h2><span style=\"font-weight: 400;\"><strong>CONEXI\u00d3N LATINA: Impulsando el Sue\u00f1o Latino en EE.UU<\/strong><\/span><\/h2>\n<p><span style=\"font-weight: 400;\"><strong>CONEXI\u00d3N<\/strong> <strong>LATINA<\/strong> es el coraz\u00f3n de la comunidad latina en EE.UU. A trav\u00e9s de nuestra plataforma y nuestras comunidades online, unimos, fortalecemos y conectamos a nuestra gente, brindando oportunidades, apoyo y un espacio para crecer sin perder nuestras ra\u00edces.\u00a0<\/span><\/p>\n<p>[\/et_pb_text][\/et_pb_column][\/et_pb_row][\/et_pb_section][et_pb_section fb_built=\u00bb1&#8243; custom_padding_last_edited=\u00bbon|tablet\u00bb admin_label=\u00bbMission\u00bb _builder_version=\u00bb4.27.4&#8243; background_image=\u00bbhttps:\/\/conexionlatinaus.com\/wp-content\/uploads\/2024\/05\/img-02.png\u00bb background_size=\u00bbinitial\u00bb custom_padding=\u00bb80px||80px||true|\u00bb custom_padding_tablet=\u00bb40px||40px||true|false\u00bb custom_padding_phone=\u00bb0px||0px||true|false\u00bb locked=\u00bboff\u00bb global_colors_info=\u00bb{}\u00bb][et_pb_row column_structure=\u00bb1_2,1_2&#8243; _builder_version=\u00bb4.27.4&#8243; custom_margin_tablet=\u00bb||-80px||false|false\u00bb custom_margin_phone=\u00bb\u00bb custom_margin_last_edited=\u00bbon|tablet\u00bb custom_padding=\u00bb0px||||false|false\u00bb global_colors_info=\u00bb{}\u00bb][et_pb_column type=\u00bb1_2&#8243; _builder_version=\u00bb4.16&#8243; background_color=\u00bb#ffffff\u00bb custom_padding=\u00bb30px|30px|30px|30px|true|true\u00bb custom_padding_tablet=\u00bb\u00bb custom_padding_phone=\u00bb|20px||20px|true|true\u00bb custom_padding_last_edited=\u00bbon|phone\u00bb border_radii=\u00bbon|10px|10px|10px|10px\u00bb box_shadow_style=\u00bbpreset1&#8243; box_shadow_color=\u00bbrgba(12,113,195,0.13)\u00bb global_colors_info=\u00bb{}\u00bb][et_pb_text _builder_version=\u00bb4.27.2&#8243; header_4_font=\u00bbMontserrat|700||on|||||\u00bb header_4_text_color=\u00bb#f7b41d\u00bb header_4_font_size=\u00bb11px\u00bb header_4_letter_spacing=\u00bb1px\u00bb background_enable_image=\u00bboff\u00bb background_size=\u00bbinitial\u00bb background_position=\u00bbcenter_right\u00bb custom_margin=\u00bb||||false|false\u00bb custom_margin_tablet=\u00bb|-80px|||false|false\u00bb custom_margin_last_edited=\u00bboff|tablet\u00bb custom_padding=\u00bb8px||||false|false\u00bb border_color_all=\u00bb#f7b41d\u00bb border_width_top=\u00bb1px\u00bb global_colors_info=\u00bb{}\u00bb]<\/p>\n<h4>Mision<\/h4>\n<p>[\/et_pb_text][et_pb_text _builder_version=\u00bb4.25.1&#8243; text_font=\u00bbPT Sans||||||||\u00bb text_font_size=\u00bb16px\u00bb text_line_height=\u00bb1.8em\u00bb header_font=\u00bb||||||||\u00bb header_3_font=\u00bbMontserrat|700|||||||\u00bb header_3_font_size=\u00bb28px\u00bb header_3_line_height=\u00bb1.2em\u00bb header_3_font_size_tablet=\u00bb24px\u00bb header_3_font_size_phone=\u00bb18px\u00bb header_3_font_size_last_edited=\u00bbon|phone\u00bb global_colors_info=\u00bb{}\u00bb]<\/p>\n<h3>Our Mission<\/h3>\n<p><span style=\"font-weight: 400;\">Unir a la comunidad latina en Estados Unidos mediante una plataforma web eficiente, la facilitaci\u00f3n de conexiones entre emprendedores y la entrega de valiosos recursos para mejorar la calidad de vida. Nos comprometemos a ser el apoyo integral que gu\u00eda a nuestros miembros hacia el \u00e9xito y la realizaci\u00f3n de sus sue\u00f1os en Estados Unidos<\/span><\/p>\n<p>[\/et_pb_text][\/et_pb_column][et_pb_column type=\u00bb1_2&#8243; _builder_version=\u00bb4.16&#8243; background_color=\u00bb#ffffff\u00bb custom_padding=\u00bb30px|30px|30px|30px|true|true\u00bb custom_padding_tablet=\u00bb\u00bb custom_padding_phone=\u00bb|20px||20px|true|true\u00bb custom_padding_last_edited=\u00bbon|phone\u00bb border_radii=\u00bbon|10px|10px|10px|10px\u00bb box_shadow_style=\u00bbpreset1&#8243; box_shadow_color=\u00bbrgba(12,113,195,0.13)\u00bb global_colors_info=\u00bb{}\u00bb][et_pb_text _builder_version=\u00bb4.27.4&#8243; header_4_font=\u00bbMontserrat|700||on|||||\u00bb header_4_text_color=\u00bb#04bbc3&#8243; header_4_font_size=\u00bb11px\u00bb header_4_letter_spacing=\u00bb1px\u00bb background_enable_image=\u00bboff\u00bb background_size=\u00bbinitial\u00bb background_position=\u00bbcenter_right\u00bb custom_padding=\u00bb8px||||false|false\u00bb border_color_all=\u00bb#04bbc3&#8243; border_width_top=\u00bb1px\u00bb locked=\u00bboff\u00bb global_colors_info=\u00bb{}\u00bb]<\/p>\n<h4>Vision<\/h4>\n<p>[\/et_pb_text][et_pb_text _builder_version=\u00bb4.25.1&#8243; text_font=\u00bbPT Sans||||||||\u00bb text_font_size=\u00bb16px\u00bb text_line_height=\u00bb1.8em\u00bb header_font=\u00bb||||||||\u00bb header_3_font=\u00bbMontserrat|700|||||||\u00bb header_3_text_color=\u00bb#2A3749&#8243; header_3_font_size=\u00bb28px\u00bb header_3_line_height=\u00bb1.2em\u00bb header_3_font_size_tablet=\u00bb24px\u00bb header_3_font_size_phone=\u00bb18px\u00bb header_3_font_size_last_edited=\u00bbon|phone\u00bb global_colors_info=\u00bb{}\u00bb]<\/p>\n<h3>Our Vision<\/h3>\n<p><span>Ser la <\/span><strong>comunidad digital l\u00edder<\/strong><span> que conecta a los latinos en EE.UU. a nivel personal, profesional y cultural, brindando herramientas y recursos para su \u00e9xito y bienestar.<\/span><\/p>\n<p>[\/et_pb_text][\/et_pb_column][\/et_pb_row][\/et_pb_section][et_pb_section fb_built=\u00bb1&#8243; _builder_version=\u00bb4.27.4&#8243; _module_preset=\u00bbdefault\u00bb global_colors_info=\u00bb{}\u00bb min_height=\u00bb160px\u00bb][et_pb_row _builder_version=\u00bb4.27.4&#8243; _module_preset=\u00bbdefault\u00bb global_colors_info=\u00bb{}\u00bb][et_pb_column type=\u00bb4_4&#8243; _builder_version=\u00bb4.27.4&#8243; _module_preset=\u00bbdefault\u00bb global_colors_info=\u00bb{}\u00bb][et_pb_heading title=\u00bb                                                    CORPORACI\u00d3N \u00bb _builder_version=\u00bb4.27.4&#8243; _module_preset=\u00bbdefault\u00bb module_alignment=\u00bbright\u00bb custom_margin=\u00bb|0px|||false|false\u00bb custom_padding=\u00bb0px|0px|||false|false\u00bb hover_enabled=\u00bb0&#8243; global_colors_info=\u00bb{}\u00bb sticky_enabled=\u00bb0&#8243;][\/et_pb_heading][\/et_pb_column][\/et_pb_row][\/et_pb_section][et_pb_section fb_built=\u00bb1&#8243; _builder_version=\u00bb4.27.4&#8243; _module_preset=\u00bbdefault\u00bb custom_padding=\u00bb0px||0px||false|false\u00bb global_colors_info=\u00bb{}\u00bb][et_pb_row column_structure=\u00bb2_5,3_5&#8243; _builder_version=\u00bb4.27.4&#8243; _module_preset=\u00bbdefault\u00bb background_image=\u00bbhttps:\/\/conexionlatinaus.com\/wp-content\/uploads\/2024\/05\/cxlatina.png\u00bb custom_padding=\u00bb0px||||false|false\u00bb global_colors_info=\u00bb{}\u00bb][et_pb_column type=\u00bb2_5&#8243; _builder_version=\u00bb4.27.4&#8243; _module_preset=\u00bbdefault\u00bb global_colors_info=\u00bb{}\u00bb][et_pb_text _builder_version=\u00bb4.27.4&#8243; _module_preset=\u00bbdefault\u00bb background_enable_image=\u00bboff\u00bb custom_padding=\u00bb0px||||false|false\u00bb hover_enabled=\u00bb0&#8243; global_colors_info=\u00bb{}\u00bb custom_margin=\u00bb-50px||||false|false\u00bb sticky_enabled=\u00bb0&#8243;]<\/p>\n<p data-start=\"236\" data-end=\"546\" class=\"\"><strong data-start=\"236\" data-end=\"255\">Conexi\u00f3n Latina<\/strong> es una marca registrada y opera como <em data-start=\"293\" data-end=\"312\">Doing Business As<\/em> (DBA) de <strong data-start=\"322\" data-end=\"347\">Bernal Business Group<\/strong>, con sede en <strong data-start=\"361\" data-end=\"402\">20200 W Dixie Hwy, Aventura, FL 33180<\/strong>.<br data-start=\"403\" data-end=\"406\" \/>Para consultas comerciales o colaboraciones, puede contactarnos al correo <strong data-start=\"480\" data-end=\"514\"><a data-start=\"482\" data-end=\"512\" rel=\"noopener\">global@bernalbusinessgroup.com<\/a><\/strong> o al tel\u00e9fono <strong data-start=\"529\" data-end=\"545\">786-340-2044<\/strong>.<\/p>\n<p data-start=\"548\" data-end=\"671\" class=\"\">Somos mucho m\u00e1s que una plataforma: somos un puente para conectar, fortalecer y empoderar a la comunidad latina en EE.UU.<\/p>\n<p>[\/et_pb_text][\/et_pb_column][et_pb_column type=\u00bb3_5&#8243; _builder_version=\u00bb4.27.4&#8243; _module_preset=\u00bbdefault\u00bb global_colors_info=\u00bb{}\u00bb][et_pb_team_member name=\u00bbCamilo Bernal Pacheco\u00bb position=\u00bbCEO &#8211; CONEXI\u00d3N LATINA USA\u00bb image_url=\u00bbhttps:\/\/conexionlatinaus.com\/wp-content\/uploads\/2025\/05\/IMG_6421-e1746470803452.jpg\u00bb linkedin_url=\u00bbwww.linkeind.com\u00bb _builder_version=\u00bb4.27.4&#8243; _module_preset=\u00bbdefault\u00bb background_enable_image=\u00bboff\u00bb background_position=\u00bbcenter_left\u00bb background_horizontal_offset=\u00bb46%\u00bb width=\u00bb100%\u00bb max_width=\u00bb83%\u00bb module_alignment=\u00bbright\u00bb height=\u00bb564px\u00bb hover_enabled=\u00bb0&#8243; border_radii_image=\u00bboff||||\u00bb border_width_all_image=\u00bb31px\u00bb border_color_all_image=\u00bbRGBA(255,255,255,0)\u00bb box_shadow_style_image=\u00bbpreset7&#8243; global_colors_info=\u00bb{}\u00bb title_text=\u00bbIMG_6421&#8243; sticky_enabled=\u00bb0&#8243; custom_padding=\u00bb1px|39px|1px|0px|false|false\u00bb custom_margin=\u00bb-31px|0px|6px|0px|false|false\u00bb]<\/p>\n<p style=\"text-align: justify;\"><strong data-start=\"106\" data-end=\"123\">Camilo Bernal<\/strong><span> es comunicador social periodista colombiano, especializado en marketing, con amplia experiencia en estrategias de medios, desarrollo de marcas y liderazgo empresarial. Actualmente reside en <\/span><strong data-start=\"316\" data-end=\"325\">Miami<\/strong><span>, dirige <\/span><strong data-start=\"346\" data-end=\"371\">Bernal Business Group.\u00a0<\/strong><\/p>\n<p>[\/et_pb_team_member][\/et_pb_column][\/et_pb_row][\/et_pb_section]<\/p>","protected":false},"excerpt":{"rendered":"<p>\u00bfQui\u00e9nes somos?CONEXI\u00d3N LATINA: Impulsando el Sue\u00f1o Latino en EE.UU CONEXI\u00d3N LATINA es el coraz\u00f3n de la comunidad latina en EE.UU. A trav\u00e9s de nuestra plataforma y nuestras comunidades online, unimos, fortalecemos y conectamos a nuestra gente, brindando oportunidades, apoyo y un espacio para crecer sin perder nuestras ra\u00edces.\u00a0MisionNuestra Misi\u00f3n Unir a la comunidad latina en [&hellip;]<\/p>","protected":false},"author":1,"featured_media":0,"parent":0,"menu_order":0,"comment_status":"closed","ping_status":"closed","template":"","meta":{"_et_pb_use_builder":"on","_et_pb_old_content":"","_et_gb_content_width":"","footnotes":""},"class_list":["post-1190","page","type-page","status-publish","hentry"],"_links":{"self":[{"href":"https:\/\/conexionlatinaus.com\/en\/wp-json\/wp\/v2\/pages\/1190","targetHints":{"allow":["GET"]}}],"collection":[{"href":"https:\/\/conexionlatinaus.com\/en\/wp-json\/wp\/v2\/pages"}],"about":[{"href":"https:\/\/conexionlatinaus.com\/en\/wp-json\/wp\/v2\/types\/page"}],"author":[{"embeddable":true,"href":"https:\/\/conexionlatinaus.com\/en\/wp-json\/wp\/v2\/users\/1"}],"replies":[{"embeddable":true,"href":"https:\/\/conexionlatinaus.com\/en\/wp-json\/wp\/v2\/comments?post=1190"}],"version-history":[{"count":18,"href":"https:\/\/conexionlatinaus.com\/en\/wp-json\/wp\/v2\/pages\/1190\/revisions"}],"predecessor-version":[{"id":1548,"href":"https:\/\/conexionlatinaus.com\/en\/wp-json\/wp\/v2\/pages\/1190\/revisions\/1548"}],"wp:attachment":[{"href":"https:\/\/conexionlatinaus.com\/en\/wp-json\/wp\/v2\/media?parent=1190"}],"curies":[{"name":"wp","href":"https:\/\/api.w.org\/{rel}","templated":true}]}}